{"id":57,"date":"2019-01-04T13:02:26","date_gmt":"2019-01-04T12:02:26","guid":{"rendered":"https:\/\/www.web-ls.de\/wplsb\/?page_id=57"},"modified":"2025-04-28T17:39:04","modified_gmt":"2025-04-28T17:39:04","slug":"philosophie","status":"publish","type":"page","link":"https:\/\/web-ls.de\/wplsb\/carrier\/philosophie\/","title":{"rendered":"Philosophie"},"content":{"rendered":"<h1>Softwareentwicklung im Team !<\/h1>\n<p>Beste Ergebnisse erzielt man nicht als Einzelner, sondern durch die B\u00fcndelung von Wissen und Erfahrungen. Deshalb legen wir bei unserer Arbeit besonderen Wert auf Teamwork, auf gemeinsames Entwickeln von kreativen Software-L\u00f6sungen. In enger Zusammenarbeit mit den Fachbereichen, erarbeiten wir gemeinsam mit Ihnen L\u00f6sungen f\u00fcr Ihre spezifischen Erfordernisse.<\/p>\n<p>Praxisnah und kreativ erzielen wir so optimale Ergebnisse, bei denen die entwickelte Software wie ein Ma\u00dfanzug sitzt.<\/p>\n<p>Eine weitere Grundlage unseres Erfolgs ist unserer Vorgehen. Schrittweises Programmieren in kontinuierlicher Absprache mit dem Kunden erm\u00f6glicht es, die Software bereits w\u00e4hrend der Entwicklung auf Praktikabilit\u00e4t zu pr\u00fcfen und Fehler zu vermeiden. Unsere Kunden k\u00f6nnen die Software aktiv zu jeder Zeit auf allen Ebenen mitgestalten.<\/p>\n<p>Auf Basis dieser Unternehmensphilosophie bieten wir unseren Kunden eine langfristige, professionelle Zusammenarbeit.<\/p>\n","protected":false},"excerpt":{"rendered":"<p>Softwareentwicklung im Team ! Beste Ergebnisse erzielt man nicht als Einzelner, sondern durch die B\u00fcndelung von Wissen und Erfahrungen. Deshalb legen wir bei unserer Arbeit besonderen Wert auf Teamwork, auf gemeinsames Entwickeln von kreativen Software-L\u00f6sungen. In enger Zusammenarbeit mit den Fachbereichen, erarbeiten wir gemeinsam mit Ihnen L\u00f6sungen f\u00fcr Ihre spezifischen Erfordernisse. Praxisnah und kreativ erzielen [&hellip;]<\/p>\n","protected":false},"author":3,"featured_media":0,"parent":30,"menu_order":0,"comment_status":"closed","ping_status":"closed","template":"startpage","meta":{"footnotes":""},"class_list":["post-57","page","type-page","status-publish","hentry"],"_links":{"self":[{"href":"https:\/\/web-ls.de\/wplsb\/wp-json\/wp\/v2\/pages\/57","targetHints":{"allow":["GET"]}}],"collection":[{"href":"https:\/\/web-ls.de\/wplsb\/wp-json\/wp\/v2\/pages"}],"about":[{"href":"https:\/\/web-ls.de\/wplsb\/wp-json\/wp\/v2\/types\/page"}],"author":[{"embeddable":true,"href":"https:\/\/web-ls.de\/wplsb\/wp-json\/wp\/v2\/users\/3"}],"replies":[{"embeddable":true,"href":"https:\/\/web-ls.de\/wplsb\/wp-json\/wp\/v2\/comments?post=57"}],"version-history":[{"count":1,"href":"https:\/\/web-ls.de\/wplsb\/wp-json\/wp\/v2\/pages\/57\/revisions"}],"predecessor-version":[{"id":132,"href":"https:\/\/web-ls.de\/wplsb\/wp-json\/wp\/v2\/pages\/57\/revisions\/132"}],"up":[{"embeddable":true,"href":"https:\/\/web-ls.de\/wplsb\/wp-json\/wp\/v2\/pages\/30"}],"wp:attachment":[{"href":"https:\/\/web-ls.de\/wplsb\/wp-json\/wp\/v2\/media?parent=57"}],"curies":[{"name":"wp","href":"https:\/\/api.w.org\/{rel}","templated":true}]}}