{"id":59,"date":"2019-01-04T13:04:31","date_gmt":"2019-01-04T12:04:31","guid":{"rendered":"https:\/\/www.web-ls.de\/wplsb\/?page_id=59"},"modified":"2025-04-28T17:39:11","modified_gmt":"2025-04-28T17:39:11","slug":"projekte","status":"publish","type":"page","link":"https:\/\/web-ls.de\/wplsb\/carrier\/projekte\/","title":{"rendered":"Projekte"},"content":{"rendered":"<p>In zahlreichen Projekten konnten wir mit unserer Kompetenz und Erfahrung unseren Kunden zu einer effektiven und kosteng\u00fcnstigen Umsetzung ihrer W\u00fcnsche verhelfen. Beratung und Konzeptionierung geh\u00f6ren f\u00fcr uns ebenso zur optimalen Projektbetreuung wie die Entwicklung der SAP Anwendungen selbst.<\/p>\n<p>Beispiele:<br \/>\n\u2022 Brownfield Migration von R\/3 auf S\/4HANA<br \/>\n\u2022 Zur Neuanlage und Pflege von Materialstammdaten implementierten wir Workflowszenarien<br \/>\n\u2022 Entwicklung einer Anwendung zur Steuerung und Kontrolle der SD Fakturierung gem\u00e4\u00df den Sarbanes Oxley Richtlinien<br \/>\n\u2022 Workflowszenarien f\u00fcr die Freigabe von Bestellanforderungen und Bestellungen<br \/>\n\u2022 Workflowabl\u00e4ufe f\u00fcr die MM Rechnungspr\u00fcfung<br \/>\n\u2022 Implementierung eines Workflow f\u00fcr Veranstaltungsmanagement im HR<br \/>\n\u2022 Wir realisierten eine Anwendung f\u00fcr das Portfoliomanagement mit Integration von MS Excel<br \/>\n\u2022 Wir setzten Workflow-Szenarien f\u00fcr die Abbildung von ITIL Prozessen um<br \/>\n\u2022 Entwicklung einer Anwendung zur \u00dcbertragung von SAP-Massendruckdaten an externe Dienstleister <\/p>\n","protected":false},"excerpt":{"rendered":"<p>In zahlreichen Projekten konnten wir mit unserer Kompetenz und Erfahrung unseren Kunden zu einer effektiven und kosteng\u00fcnstigen Umsetzung ihrer W\u00fcnsche verhelfen. Beratung und Konzeptionierung geh\u00f6ren f\u00fcr uns ebenso zur optimalen Projektbetreuung wie die Entwicklung der SAP Anwendungen selbst. Beispiele: \u2022 Brownfield Migration von R\/3 auf S\/4HANA \u2022 Zur Neuanlage und Pflege von Materialstammdaten implementierten wir [&hellip;]<\/p>\n","protected":false},"author":3,"featured_media":0,"parent":30,"menu_order":0,"comment_status":"closed","ping_status":"closed","template":"startpage","meta":{"footnotes":""},"class_list":["post-59","page","type-page","status-publish","hentry"],"_links":{"self":[{"href":"https:\/\/web-ls.de\/wplsb\/wp-json\/wp\/v2\/pages\/59","targetHints":{"allow":["GET"]}}],"collection":[{"href":"https:\/\/web-ls.de\/wplsb\/wp-json\/wp\/v2\/pages"}],"about":[{"href":"https:\/\/web-ls.de\/wplsb\/wp-json\/wp\/v2\/types\/page"}],"author":[{"embeddable":true,"href":"https:\/\/web-ls.de\/wplsb\/wp-json\/wp\/v2\/users\/3"}],"replies":[{"embeddable":true,"href":"https:\/\/web-ls.de\/wplsb\/wp-json\/wp\/v2\/comments?post=59"}],"version-history":[{"count":1,"href":"https:\/\/web-ls.de\/wplsb\/wp-json\/wp\/v2\/pages\/59\/revisions"}],"predecessor-version":[{"id":133,"href":"https:\/\/web-ls.de\/wplsb\/wp-json\/wp\/v2\/pages\/59\/revisions\/133"}],"up":[{"embeddable":true,"href":"https:\/\/web-ls.de\/wplsb\/wp-json\/wp\/v2\/pages\/30"}],"wp:attachment":[{"href":"https:\/\/web-ls.de\/wplsb\/wp-json\/wp\/v2\/media?parent=59"}],"curies":[{"name":"wp","href":"https:\/\/api.w.org\/{rel}","templated":true}]}}